{"id":14,"date":"2021-11-21T15:14:19","date_gmt":"2021-11-21T15:14:19","guid":{"rendered":"https:\/\/arsarh.com.mx.mx\/index.php\/about\/"},"modified":"2022-12-02T08:01:57","modified_gmt":"2022-12-02T14:01:57","slug":"about","status":"publish","type":"page","link":"https:\/\/arsarh.com.mx\/index.php\/about\/","title":{"rendered":"Acerca de"},"content":{"rendered":"\t\t<div data-elementor-type=\"wp-page\" data-elementor-id=\"14\" class=\"elementor elementor-14\">\n\t\t\t\t\t\t<section class=\"elementor-section elementor-top-section elementor-element elementor-element-c8ddeb6 elementor-section-height-min-height elementor-section-boxed elementor-section-height-default elementor-section-items-middle\" data-id=\"c8ddeb6\" data-element_type=\"section\" data-e-type=\"section\" data-settings=\"{&quot;background_background&quot;:&quot;classic&quot;}\">\n\t\t\t\t\t\t\t<div class=\"elementor-background-overlay\"><\/div>\n\t\t\t\t\t\t\t<div class=\"elementor-container elementor-column-gap-default\">\n\t\t\t\t\t<div class=\"elementor-column elementor-col-100 elementor-top-column elementor-element elementor-element-6a5337e\" data-id=\"6a5337e\" data-element_type=\"column\" data-e-type=\"column\">\n\t\t\t<div class=\"elementor-widget-wrap elementor-element-populated\">\n\t\t\t\t\t\t<div class=\"elementor-element elementor-element-feefb6c elementor-widget elementor-widget-heading\" data-id=\"feefb6c\" data-element_type=\"widget\" data-e-type=\"widget\" data-widget_type=\"heading.default\">\n\t\t\t\t<div class=\"elementor-widget-container\">\n\t\t\t\t\t<h1 class=\"elementor-heading-title elementor-size-default\">Acerca de nosotros<\/h1>\t\t\t\t<\/div>\n\t\t\t\t<\/div>\n\t\t\t\t\t<\/div>\n\t\t<\/div>\n\t\t\t\t\t<\/div>\n\t\t<\/section>\n\t\t\t\t<section class=\"elementor-section elementor-top-section elementor-element elementor-element-034f786 elementor-section-boxed elementor-section-height-default elementor-section-height-default elementor-invisible\" data-id=\"034f786\" data-element_type=\"section\" data-e-type=\"section\" data-settings=\"{&quot;animation&quot;:&quot;fadeInUp&quot;}\">\n\t\t\t\t\t\t<div class=\"elementor-container elementor-column-gap-default\">\n\t\t\t\t\t<div class=\"elementor-column elementor-col-100 elementor-top-column elementor-element elementor-element-ba0c118\" data-id=\"ba0c118\" data-element_type=\"column\" data-e-type=\"column\">\n\t\t\t<div class=\"elementor-widget-wrap elementor-element-populated\">\n\t\t\t\t\t\t<div class=\"elementor-element elementor-element-3dc998b elementor-widget elementor-widget-heading\" data-id=\"3dc998b\" data-element_type=\"widget\" data-e-type=\"widget\" data-widget_type=\"heading.default\">\n\t\t\t\t<div class=\"elementor-widget-container\">\n\t\t\t\t\t<h4 class=\"elementor-heading-title elementor-size-default\">Nuestra base fundamental es la estrategia de negocio, as\u00ed como principal objetivo es proveer soluciones eficaces y de gran calidad a nuestros clientes, con atenci\u00f3n personalizada y de valor agregado.<\/h4>\t\t\t\t<\/div>\n\t\t\t\t<\/div>\n\t\t\t\t<div class=\"elementor-element elementor-element-9fdb291 elementor-invisible elementor-widget elementor-widget-image\" data-id=\"9fdb291\" data-element_type=\"widget\" data-e-type=\"widget\" data-settings=\"{&quot;_animation&quot;:&quot;fadeInUp&quot;}\" data-widget_type=\"image.default\">\n\t\t\t\t<div class=\"elementor-widget-container\">\n\t\t\t\t\t\t\t\t\t\t\t\t\t\t\t<img fetchpriority=\"high\" decoding=\"async\" width=\"1920\" height=\"1280\" src=\"https:\/\/arsarh.com.mx\/wp-content\/uploads\/2022\/11\/fondo-queretaro2.png\" class=\"attachment-full size-full wp-image-1510\" alt=\"\" srcset=\"https:\/\/arsarh.com.mx\/wp-content\/uploads\/2022\/11\/fondo-queretaro2.png 1920w, https:\/\/arsarh.com.mx\/wp-content\/uploads\/2022\/11\/fondo-queretaro2-300x200.png 300w, https:\/\/arsarh.com.mx\/wp-content\/uploads\/2022\/11\/fondo-queretaro2-1024x683.png 1024w, https:\/\/arsarh.com.mx\/wp-content\/uploads\/2022\/11\/fondo-queretaro2-768x512.png 768w, https:\/\/arsarh.com.mx\/wp-content\/uploads\/2022\/11\/fondo-queretaro2-1536x1024.png 1536w\" sizes=\"(max-width: 1920px) 100vw, 1920px\" \/>\t\t\t\t\t\t\t\t\t\t\t\t\t\t\t<\/div>\n\t\t\t\t<\/div>\n\t\t\t\t<section class=\"elementor-section elementor-inner-section elementor-element elementor-element-d762106 elementor-section-boxed elementor-section-height-default elementor-section-height-default elementor-invisible\" data-id=\"d762106\" data-element_type=\"section\" data-e-type=\"section\" data-settings=\"{&quot;animation&quot;:&quot;fadeInUp&quot;}\">\n\t\t\t\t\t\t<div class=\"elementor-container elementor-column-gap-default\">\n\t\t\t\t\t<div class=\"elementor-column elementor-col-50 elementor-inner-column elementor-element elementor-element-08ec54c\" data-id=\"08ec54c\" data-element_type=\"column\" data-e-type=\"column\">\n\t\t\t<div class=\"elementor-widget-wrap elementor-element-populated\">\n\t\t\t\t\t\t<div class=\"elementor-element elementor-element-d35be41 elementor-widget elementor-widget-heading\" data-id=\"d35be41\" data-element_type=\"widget\" data-e-type=\"widget\" data-widget_type=\"heading.default\">\n\t\t\t\t<div class=\"elementor-widget-container\">\n\t\t\t\t\t<h3 class=\"elementor-heading-title elementor-size-default\">Nuestra misi\u00f3n<\/h3>\t\t\t\t<\/div>\n\t\t\t\t<\/div>\n\t\t\t\t<div class=\"elementor-element elementor-element-8fa3d11 elementor-widget elementor-widget-text-editor\" data-id=\"8fa3d11\" data-element_type=\"widget\" data-e-type=\"widget\" data-widget_type=\"text-editor.default\">\n\t\t\t\t<div class=\"elementor-widget-container\">\n\t\t\t\t\t\t\t\t\t<p>Brindar las mejores soluciones tecnol\u00f3gicas para cada uno de nuestros clientes realizando cada proyecto y requerimiento con pasi\u00f3n y dedicaci\u00f3n, d\u00e1ndole un an\u00e1lisis de calidad a cada cliente que se acerque a nosotros.<\/p>\t\t\t\t\t\t\t\t<\/div>\n\t\t\t\t<\/div>\n\t\t\t\t\t<\/div>\n\t\t<\/div>\n\t\t\t\t<div class=\"elementor-column elementor-col-50 elementor-inner-column elementor-element elementor-element-d30d7a1\" data-id=\"d30d7a1\" data-element_type=\"column\" data-e-type=\"column\">\n\t\t\t<div class=\"elementor-widget-wrap elementor-element-populated\">\n\t\t\t\t\t\t<div class=\"elementor-element elementor-element-6260bc9 elementor-widget elementor-widget-heading\" data-id=\"6260bc9\" data-element_type=\"widget\" data-e-type=\"widget\" data-widget_type=\"heading.default\">\n\t\t\t\t<div class=\"elementor-widget-container\">\n\t\t\t\t\t<h3 class=\"elementor-heading-title elementor-size-default\">Nuestra visi\u00f3n<\/h3>\t\t\t\t<\/div>\n\t\t\t\t<\/div>\n\t\t\t\t<div class=\"elementor-element elementor-element-3a99000 elementor-widget elementor-widget-text-editor\" data-id=\"3a99000\" data-element_type=\"widget\" data-e-type=\"widget\" data-widget_type=\"text-editor.default\">\n\t\t\t\t<div class=\"elementor-widget-container\">\n\t\t\t\t\t\t\t\t\t<p>Ser una empresa pionera en el ramo tecnol\u00f3gico, permitiendo a todos nuestros clientes darles innovaci\u00f3n y as\u00ed permitir darles un valor agregado a sus negocios independientemente del giro al que tengan cada uno de ellos.<\/p>\t\t\t\t\t\t\t\t<\/div>\n\t\t\t\t<\/div>\n\t\t\t\t\t<\/div>\n\t\t<\/div>\n\t\t\t\t\t<\/div>\n\t\t<\/section>\n\t\t\t\t\t<\/div>\n\t\t<\/div>\n\t\t\t\t\t<\/div>\n\t\t<\/section>\n\t\t\t\t<section class=\"elementor-section elementor-top-section elementor-element elementor-element-e889fc3 elementor-section-boxed elementor-section-height-default elementor-section-height-default elementor-invisible\" data-id=\"e889fc3\" data-element_type=\"section\" data-e-type=\"section\" data-settings=\"{&quot;background_background&quot;:&quot;classic&quot;,&quot;animation&quot;:&quot;fadeInUp&quot;}\">\n\t\t\t\t\t\t<div class=\"elementor-container elementor-column-gap-default\">\n\t\t\t\t\t<div class=\"elementor-column elementor-col-33 elementor-top-column elementor-element elementor-element-3c8f4a8\" data-id=\"3c8f4a8\" data-element_type=\"column\" data-e-type=\"column\">\n\t\t\t<div class=\"elementor-widget-wrap\">\n\t\t\t\t\t\t\t<\/div>\n\t\t<\/div>\n\t\t\t\t<div class=\"elementor-column elementor-col-33 elementor-top-column elementor-element elementor-element-ebb2ba7\" data-id=\"ebb2ba7\" data-element_type=\"column\" data-e-type=\"column\">\n\t\t\t<div class=\"elementor-widget-wrap elementor-element-populated\">\n\t\t\t\t\t\t<div class=\"elementor-element elementor-element-beb0353 elementor-widget elementor-widget-heading\" data-id=\"beb0353\" data-element_type=\"widget\" data-e-type=\"widget\" data-widget_type=\"heading.default\">\n\t\t\t\t<div class=\"elementor-widget-container\">\n\t\t\t\t\t<h4 class=\"elementor-heading-title elementor-size-default\">ARSARH una empresa mexicana establecida en la Ciudad de Quer\u00e9taro que se encarga de brindar Soluciones Integrales para peque\u00f1as, medianas y grandes empresas, as\u00ed como br\u00edndales soporte t\u00e9cnico con el objetivo de potencializar al m\u00e1ximo los negocios de nuestros clientes en internet y de manera f\u00edsica.<\/h4>\t\t\t\t<\/div>\n\t\t\t\t<\/div>\n\t\t\t\t\t<\/div>\n\t\t<\/div>\n\t\t\t\t<div class=\"elementor-column elementor-col-33 elementor-top-column elementor-element elementor-element-9e16007\" data-id=\"9e16007\" data-element_type=\"column\" data-e-type=\"column\">\n\t\t\t<div class=\"elementor-widget-wrap\">\n\t\t\t\t\t\t\t<\/div>\n\t\t<\/div>\n\t\t\t\t\t<\/div>\n\t\t<\/section>\n\t\t\t\t<\/div>\n\t\t","protected":false},"excerpt":{"rendered":"<p>Acerca de nosotros Nuestra base fundamental es la estrategia de negocio, as\u00ed como principal objetivo es proveer soluciones eficaces y de gran calidad a nuestros clientes, con atenci\u00f3n personalizada y de valor agregado. Nuestra misi\u00f3n Brindar las mejores soluciones tecnol\u00f3gicas para cada uno de nuestros clientes realizando cada proyecto y requerimiento con pasi\u00f3n y dedicaci\u00f3n, [&hellip;]<\/p>\n","protected":false},"author":1,"featured_media":0,"parent":0,"menu_order":0,"comment_status":"closed","ping_status":"closed","template":"","meta":{"om_disable_all_campaigns":false,"_monsterinsights_skip_tracking":false,"_monsterinsights_sitenote_active":false,"_monsterinsights_sitenote_note":"","_monsterinsights_sitenote_category":0,"site-sidebar-layout":"no-sidebar","site-content-layout":"page-builder","ast-site-content-layout":"default","site-content-style":"default","site-sidebar-style":"default","ast-global-header-display":"","ast-banner-title-visibility":"","ast-main-header-display":"","ast-hfb-above-header-display":"","ast-hfb-below-header-display":"","ast-hfb-mobile-header-display":"","site-post-title":"disabled","ast-breadcrumbs-content":"","ast-featured-img":"disabled","footer-sml-layout":"","ast-disable-related-posts":"","theme-transparent-header-meta":"enabled","adv-header-id-meta":"","stick-header-meta":"","header-above-stick-meta":"","header-main-stick-meta":"","header-below-stick-meta":"","astra-migrate-meta-layouts":"default","ast-page-background-enabled":"default","ast-page-background-meta":{"desktop":{"background-color":"var(--ast-global-color-4)","background-image":"","background-repeat":"repeat","background-position":"center center","background-size":"auto","background-attachment":"scroll","background-type":"","background-media":"","overlay-type":"","overlay-color":"","overlay-opacity":"","overlay-gradient":""},"tablet":{"background-color":"","background-image":"","background-repeat":"repeat","background-position":"center center","background-size":"auto","background-attachment":"scroll","background-type":"","background-media":"","overlay-type":"","overlay-color":"","overlay-opacity":"","overlay-gradient":""},"mobile":{"background-color":"","background-image":"","background-repeat":"repeat","background-position":"center center","background-size":"auto","background-attachment":"scroll","background-type":"","background-media":"","overlay-type":"","overlay-color":"","overlay-opacity":"","overlay-gradient":""}},"ast-content-background-meta":{"desktop":{"background-color":"var(--ast-global-color-5)","background-image":"","background-repeat":"repeat","background-position":"center center","background-size":"auto","background-attachment":"scroll","background-type":"","background-media":"","overlay-type":"","overlay-color":"","overlay-opacity":"","overlay-gradient":""},"tablet":{"background-color":"var(--ast-global-color-5)","background-image":"","background-repeat":"repeat","background-position":"center center","background-size":"auto","background-attachment":"scroll","background-type":"","background-media":"","overlay-type":"","overlay-color":"","overlay-opacity":"","overlay-gradient":""},"mobile":{"background-color":"var(--ast-global-color-5)","background-image":"","background-repeat":"repeat","background-position":"center center","background-size":"auto","background-attachment":"scroll","background-type":"","background-media":"","overlay-type":"","overlay-color":"","overlay-opacity":"","overlay-gradient":""}},"footnotes":""},"class_list":["post-14","page","type-page","status-publish","hentry"],"yoast_head":"<!-- This site is optimized with the Yoast SEO plugin v27.3 - https:\/\/yoast.com\/product\/yoast-seo-wordpress\/ -->\n<title>Acerca de - ARSARH M\u00e9xico<\/title>\n<meta name=\"robots\" content=\"index, follow, max-snippet:-1, max-image-preview:large, max-video-preview:-1\" \/>\n<link rel=\"canonical\" href=\"https:\/\/arsarh.com.mx\/index.php\/about\/\" \/>\n<meta property=\"og:locale\" content=\"es_ES\" \/>\n<meta property=\"og:type\" content=\"article\" \/>\n<meta property=\"og:title\" content=\"Acerca de - ARSARH M\u00e9xico\" \/>\n<meta property=\"og:description\" content=\"Acerca de nosotros Nuestra base fundamental es la estrategia de negocio, as\u00ed como principal objetivo es proveer soluciones eficaces y de gran calidad a nuestros clientes, con atenci\u00f3n personalizada y de valor agregado. Nuestra misi\u00f3n Brindar las mejores soluciones tecnol\u00f3gicas para cada uno de nuestros clientes realizando cada proyecto y requerimiento con pasi\u00f3n y dedicaci\u00f3n, [&hellip;]\" \/>\n<meta property=\"og:url\" content=\"https:\/\/arsarh.com.mx\/index.php\/about\/\" \/>\n<meta property=\"og:site_name\" content=\"ARSARH M\u00e9xico\" \/>\n<meta property=\"article:publisher\" content=\"https:\/\/www.facebook.com\/arsarhmx\/\" \/>\n<meta property=\"article:modified_time\" content=\"2022-12-02T14:01:57+00:00\" \/>\n<meta property=\"og:image\" content=\"https:\/\/arsarh.com.mx.mx\/wp-content\/uploads\/2022\/11\/fondo-queretaro2.png\" \/>\n<meta name=\"twitter:card\" content=\"summary_large_image\" \/>\n<meta name=\"twitter:label1\" content=\"Tiempo de lectura\" \/>\n\t<meta name=\"twitter:data1\" content=\"2 minutos\" \/>\n<script type=\"application\/ld+json\" class=\"yoast-schema-graph\">{\"@context\":\"https:\\\/\\\/schema.org\",\"@graph\":[{\"@type\":\"WebPage\",\"@id\":\"https:\\\/\\\/arsarh.com.mx\\\/index.php\\\/about\\\/\",\"url\":\"https:\\\/\\\/arsarh.com.mx\\\/index.php\\\/about\\\/\",\"name\":\"Acerca de - ARSARH M\u00e9xico\",\"isPartOf\":{\"@id\":\"https:\\\/\\\/arsarh.com.mx\\\/#website\"},\"primaryImageOfPage\":{\"@id\":\"https:\\\/\\\/arsarh.com.mx\\\/index.php\\\/about\\\/#primaryimage\"},\"image\":{\"@id\":\"https:\\\/\\\/arsarh.com.mx\\\/index.php\\\/about\\\/#primaryimage\"},\"thumbnailUrl\":\"https:\\\/\\\/arsarh.com.mx.mx\\\/wp-content\\\/uploads\\\/2022\\\/11\\\/fondo-queretaro2.png\",\"datePublished\":\"2021-11-21T15:14:19+00:00\",\"dateModified\":\"2022-12-02T14:01:57+00:00\",\"breadcrumb\":{\"@id\":\"https:\\\/\\\/arsarh.com.mx\\\/index.php\\\/about\\\/#breadcrumb\"},\"inLanguage\":\"es\",\"potentialAction\":[{\"@type\":\"ReadAction\",\"target\":[\"https:\\\/\\\/arsarh.com.mx\\\/index.php\\\/about\\\/\"]}]},{\"@type\":\"ImageObject\",\"inLanguage\":\"es\",\"@id\":\"https:\\\/\\\/arsarh.com.mx\\\/index.php\\\/about\\\/#primaryimage\",\"url\":\"https:\\\/\\\/arsarh.com.mx.mx\\\/wp-content\\\/uploads\\\/2022\\\/11\\\/fondo-queretaro2.png\",\"contentUrl\":\"https:\\\/\\\/arsarh.com.mx.mx\\\/wp-content\\\/uploads\\\/2022\\\/11\\\/fondo-queretaro2.png\"},{\"@type\":\"BreadcrumbList\",\"@id\":\"https:\\\/\\\/arsarh.com.mx\\\/index.php\\\/about\\\/#breadcrumb\",\"itemListElement\":[{\"@type\":\"ListItem\",\"position\":1,\"name\":\"Portada\",\"item\":\"https:\\\/\\\/arsarh.com.mx\\\/\"},{\"@type\":\"ListItem\",\"position\":2,\"name\":\"Acerca de\"}]},{\"@type\":\"WebSite\",\"@id\":\"https:\\\/\\\/arsarh.com.mx\\\/#website\",\"url\":\"https:\\\/\\\/arsarh.com.mx\\\/\",\"name\":\"ARSARH M\u00e9xico\",\"description\":\"Impulsando negocios al mundo de la tecnolog\u00eda\",\"publisher\":{\"@id\":\"https:\\\/\\\/arsarh.com.mx\\\/#organization\"},\"potentialAction\":[{\"@type\":\"SearchAction\",\"target\":{\"@type\":\"EntryPoint\",\"urlTemplate\":\"https:\\\/\\\/arsarh.com.mx\\\/?s={search_term_string}\"},\"query-input\":{\"@type\":\"PropertyValueSpecification\",\"valueRequired\":true,\"valueName\":\"search_term_string\"}}],\"inLanguage\":\"es\"},{\"@type\":\"Organization\",\"@id\":\"https:\\\/\\\/arsarh.com.mx\\\/#organization\",\"name\":\"ARSARH M\u00e9xico\",\"url\":\"https:\\\/\\\/arsarh.com.mx\\\/\",\"logo\":{\"@type\":\"ImageObject\",\"inLanguage\":\"es\",\"@id\":\"https:\\\/\\\/arsarh.com.mx\\\/#\\\/schema\\\/logo\\\/image\\\/\",\"url\":\"https:\\\/\\\/arsarh.com.mx\\\/wp-content\\\/uploads\\\/2023\\\/02\\\/cropped-LOGO_Mesa-de-trabajo-1-copia-2-scaled.png\",\"contentUrl\":\"https:\\\/\\\/arsarh.com.mx\\\/wp-content\\\/uploads\\\/2023\\\/02\\\/cropped-LOGO_Mesa-de-trabajo-1-copia-2-scaled.png\",\"width\":2560,\"height\":2560,\"caption\":\"ARSARH M\u00e9xico\"},\"image\":{\"@id\":\"https:\\\/\\\/arsarh.com.mx\\\/#\\\/schema\\\/logo\\\/image\\\/\"},\"sameAs\":[\"https:\\\/\\\/www.facebook.com\\\/arsarhmx\\\/\",\"https:\\\/\\\/www.instagram.com\\\/arsarhmx\\\/\",\"https:\\\/\\\/www.linkedin.com\\\/company\\\/arsarhmx\"]}]}<\/script>\n<!-- \/ Yoast SEO plugin. -->","yoast_head_json":{"title":"Acerca de - ARSARH M\u00e9xico","robots":{"index":"index","follow":"follow","max-snippet":"max-snippet:-1","max-image-preview":"max-image-preview:large","max-video-preview":"max-video-preview:-1"},"canonical":"https:\/\/arsarh.com.mx\/index.php\/about\/","og_locale":"es_ES","og_type":"article","og_title":"Acerca de - ARSARH M\u00e9xico","og_description":"Acerca de nosotros Nuestra base fundamental es la estrategia de negocio, as\u00ed como principal objetivo es proveer soluciones eficaces y de gran calidad a nuestros clientes, con atenci\u00f3n personalizada y de valor agregado. Nuestra misi\u00f3n Brindar las mejores soluciones tecnol\u00f3gicas para cada uno de nuestros clientes realizando cada proyecto y requerimiento con pasi\u00f3n y dedicaci\u00f3n, [&hellip;]","og_url":"https:\/\/arsarh.com.mx\/index.php\/about\/","og_site_name":"ARSARH M\u00e9xico","article_publisher":"https:\/\/www.facebook.com\/arsarhmx\/","article_modified_time":"2022-12-02T14:01:57+00:00","og_image":[{"url":"https:\/\/arsarh.com.mx.mx\/wp-content\/uploads\/2022\/11\/fondo-queretaro2.png","type":"","width":"","height":""}],"twitter_card":"summary_large_image","twitter_misc":{"Tiempo de lectura":"2 minutos"},"schema":{"@context":"https:\/\/schema.org","@graph":[{"@type":"WebPage","@id":"https:\/\/arsarh.com.mx\/index.php\/about\/","url":"https:\/\/arsarh.com.mx\/index.php\/about\/","name":"Acerca de - ARSARH M\u00e9xico","isPartOf":{"@id":"https:\/\/arsarh.com.mx\/#website"},"primaryImageOfPage":{"@id":"https:\/\/arsarh.com.mx\/index.php\/about\/#primaryimage"},"image":{"@id":"https:\/\/arsarh.com.mx\/index.php\/about\/#primaryimage"},"thumbnailUrl":"https:\/\/arsarh.com.mx.mx\/wp-content\/uploads\/2022\/11\/fondo-queretaro2.png","datePublished":"2021-11-21T15:14:19+00:00","dateModified":"2022-12-02T14:01:57+00:00","breadcrumb":{"@id":"https:\/\/arsarh.com.mx\/index.php\/about\/#breadcrumb"},"inLanguage":"es","potentialAction":[{"@type":"ReadAction","target":["https:\/\/arsarh.com.mx\/index.php\/about\/"]}]},{"@type":"ImageObject","inLanguage":"es","@id":"https:\/\/arsarh.com.mx\/index.php\/about\/#primaryimage","url":"https:\/\/arsarh.com.mx.mx\/wp-content\/uploads\/2022\/11\/fondo-queretaro2.png","contentUrl":"https:\/\/arsarh.com.mx.mx\/wp-content\/uploads\/2022\/11\/fondo-queretaro2.png"},{"@type":"BreadcrumbList","@id":"https:\/\/arsarh.com.mx\/index.php\/about\/#breadcrumb","itemListElement":[{"@type":"ListItem","position":1,"name":"Portada","item":"https:\/\/arsarh.com.mx\/"},{"@type":"ListItem","position":2,"name":"Acerca de"}]},{"@type":"WebSite","@id":"https:\/\/arsarh.com.mx\/#website","url":"https:\/\/arsarh.com.mx\/","name":"ARSARH M\u00e9xico","description":"Impulsando negocios al mundo de la tecnolog\u00eda","publisher":{"@id":"https:\/\/arsarh.com.mx\/#organization"},"potentialAction":[{"@type":"SearchAction","target":{"@type":"EntryPoint","urlTemplate":"https:\/\/arsarh.com.mx\/?s={search_term_string}"},"query-input":{"@type":"PropertyValueSpecification","valueRequired":true,"valueName":"search_term_string"}}],"inLanguage":"es"},{"@type":"Organization","@id":"https:\/\/arsarh.com.mx\/#organization","name":"ARSARH M\u00e9xico","url":"https:\/\/arsarh.com.mx\/","logo":{"@type":"ImageObject","inLanguage":"es","@id":"https:\/\/arsarh.com.mx\/#\/schema\/logo\/image\/","url":"https:\/\/arsarh.com.mx\/wp-content\/uploads\/2023\/02\/cropped-LOGO_Mesa-de-trabajo-1-copia-2-scaled.png","contentUrl":"https:\/\/arsarh.com.mx\/wp-content\/uploads\/2023\/02\/cropped-LOGO_Mesa-de-trabajo-1-copia-2-scaled.png","width":2560,"height":2560,"caption":"ARSARH M\u00e9xico"},"image":{"@id":"https:\/\/arsarh.com.mx\/#\/schema\/logo\/image\/"},"sameAs":["https:\/\/www.facebook.com\/arsarhmx\/","https:\/\/www.instagram.com\/arsarhmx\/","https:\/\/www.linkedin.com\/company\/arsarhmx"]}]}},"_links":{"self":[{"href":"https:\/\/arsarh.com.mx\/index.php\/wp-json\/wp\/v2\/pages\/14","targetHints":{"allow":["GET"]}}],"collection":[{"href":"https:\/\/arsarh.com.mx\/index.php\/wp-json\/wp\/v2\/pages"}],"about":[{"href":"https:\/\/arsarh.com.mx\/index.php\/wp-json\/wp\/v2\/types\/page"}],"author":[{"embeddable":true,"href":"https:\/\/arsarh.com.mx\/index.php\/wp-json\/wp\/v2\/users\/1"}],"replies":[{"embeddable":true,"href":"https:\/\/arsarh.com.mx\/index.php\/wp-json\/wp\/v2\/comments?post=14"}],"version-history":[{"count":20,"href":"https:\/\/arsarh.com.mx\/index.php\/wp-json\/wp\/v2\/pages\/14\/revisions"}],"predecessor-version":[{"id":1866,"href":"https:\/\/arsarh.com.mx\/index.php\/wp-json\/wp\/v2\/pages\/14\/revisions\/1866"}],"wp:attachment":[{"href":"https:\/\/arsarh.com.mx\/index.php\/wp-json\/wp\/v2\/media?parent=14"}],"curies":[{"name":"wp","href":"https:\/\/api.w.org\/{rel}","templated":true}]}}